{"id":14,"date":"2021-09-29T00:15:52","date_gmt":"2021-09-29T00:15:52","guid":{"rendered":"https:\/\/fabianapereira.adv.br\/2021\/?page_id=14"},"modified":"2025-04-01T19:05:29","modified_gmt":"2025-04-01T19:05:29","slug":"contato","status":"publish","type":"page","link":"https:\/\/fabianapereira.adv.br\/2021\/contato\/","title":{"rendered":"Contato"},"content":{"rendered":"\t\t<div data-elementor-type=\"wp-page\" data-elementor-id=\"14\" class=\"elementor elementor-14\">\n\t\t\t\t\t\t<section class=\"elementor-section elementor-top-section elementor-element elementor-element-56cfd069 elementor-section-boxed elementor-section-height-default elementor-section-height-default\" data-id=\"56cfd069\" data-element_type=\"section\">\n\t\t\t\t\t\t<div class=\"elementor-container elementor-column-gap-default\">\n\t\t\t\t\t<div class=\"elementor-column elementor-col-100 elementor-top-column elementor-element elementor-element-3de75385\" data-id=\"3de75385\" data-element_type=\"column\">\n\t\t\t<div class=\"elementor-widget-wrap elementor-element-populated\">\n\t\t\t\t\t\t<div class=\"elementor-element elementor-element-411f2d5 elementor-widget elementor-widget-text-editor\" data-id=\"411f2d5\" data-element_type=\"widget\" data-widget_type=\"text-editor.default\">\n\t\t\t\t<div class=\"elementor-widget-container\">\n\t\t\t\t\t\t\t\t\t<p align=\"left\">\n<div class=\"wpcf7 no-js\" id=\"wpcf7-f17-o1\" lang=\"pt-BR\" dir=\"ltr\" data-wpcf7-id=\"17\">\n<div class=\"screen-reader-response\"><p role=\"status\" aria-live=\"polite\" aria-atomic=\"true\"><\/p> <ul><\/ul><\/div>\n<form action=\"\/2021\/wp-json\/wp\/v2\/pages\/14#wpcf7-f17-o1\" method=\"post\" class=\"wpcf7-form init\" aria-label=\"Formul\u00e1rios de contato\" novalidate=\"novalidate\" data-status=\"init\">\n<div style=\"display: none;\">\n<input type=\"hidden\" name=\"_wpcf7\" value=\"17\" \/>\n<input type=\"hidden\" name=\"_wpcf7_version\" value=\"6.0.6\" \/>\n<input type=\"hidden\" name=\"_wpcf7_locale\" value=\"pt_BR\" \/>\n<input type=\"hidden\" name=\"_wpcf7_unit_tag\" value=\"wpcf7-f17-o1\" \/>\n<input type=\"hidden\" name=\"_wpcf7_container_post\" value=\"0\" \/>\n<input type=\"hidden\" name=\"_wpcf7_posted_data_hash\" value=\"\" \/>\n<input type=\"hidden\" name=\"_wpcf7_recaptcha_response\" value=\"\" \/>\n<\/div>\n<p><label> Seu nome (Obrigat\u00f3rio)<br \/>\n<span class=\"wpcf7-form-control-wrap\" data-name=\"your-name\"><input size=\"40\" maxlength=\"400\" class=\"wpcf7-form-control wpcf7-text wpcf7-validates-as-required\" aria-required=\"true\" aria-invalid=\"false\" value=\"\" type=\"text\" name=\"your-name\" \/><\/span> <\/label>\n<\/p>\n<p><label> Seu e-mail<br \/>\n<span class=\"wpcf7-form-control-wrap\" data-name=\"your-email\"><input size=\"40\" maxlength=\"400\" class=\"wpcf7-form-control wpcf7-email wpcf7-validates-as-required wpcf7-text wpcf7-validates-as-email\" aria-required=\"true\" aria-invalid=\"false\" value=\"\" type=\"email\" name=\"your-email\" \/><\/span> <\/label>\n<\/p>\n<p><label> Assunto<br \/>\n<span class=\"wpcf7-form-control-wrap\" data-name=\"your-subject\"><input size=\"40\" maxlength=\"400\" class=\"wpcf7-form-control wpcf7-text wpcf7-validates-as-required\" aria-required=\"true\" aria-invalid=\"false\" value=\"\" type=\"text\" name=\"your-subject\" \/><\/span> <\/label>\n<\/p>\n<p><label> Sua mensagem (opcional)<br \/>\n<span class=\"wpcf7-form-control-wrap\" data-name=\"your-message\"><textarea cols=\"40\" rows=\"10\" maxlength=\"2000\" class=\"wpcf7-form-control wpcf7-textarea\" aria-invalid=\"false\" name=\"your-message\"><\/textarea><\/span> <\/label>\n<\/p>\n<p><input class=\"wpcf7-form-control wpcf7-submit has-spinner\" type=\"submit\" value=\"Enviar\" \/>\n<\/p><div class=\"wpcf7-response-output\" aria-hidden=\"true\"><\/div>\n<\/form>\n<\/div>\n<\/p><p><strong>Unidade de Blumenau<\/strong><\/p><p><span style=\"font-weight: 400;\">Heinrich Hemmer, 3025, Badenfurt, Blumenau\/SC<br \/><\/span><span style=\"font-weight: 400;\">Fone: (47) 3308-7170<br \/><\/span><span style=\"font-weight: 400;\">WhatsApp: (48) 99688-6364<\/span><\/p><p><strong>Unidade S\u00e3o Jos\u00e9<\/strong><\/p><p><span style=\"font-weight: 400;\">Rua Domingos Andr\u00e9 Zanini, n. 277,<br \/>Empresarial Terra Firme, salas 905, 906 e 907, Campinas, S\u00e3o Jos\u00e9\/SC<br \/><\/span><span style=\"font-weight: 400;\">Fone: (48) 3058-1818<br \/><\/span><span style=\"font-weight: 400;\">WhatsApp: (48) 99108-9537<br \/><\/span><span style=\"font-weight: 400;\">WhatsApp: (48) 99179-9188<br \/><\/span><br \/><span style=\"color: #022444;\">atendimento@fabianapereira.com.br<br \/>assistentejuridico@fabianapereira.com.br<\/span><\/p>\t\t\t\t\t\t\t\t<\/div>\n\t\t\t\t<\/div>\n\t\t\t\t\t<\/div>\n\t\t<\/div>\n\t\t\t\t\t<\/div>\n\t\t<\/section>\n\t\t\t\t<\/div>\n\t\t","protected":false},"excerpt":{"rendered":"<p>Unidade de Blumenau Heinrich Hemmer, 3025, Badenfurt, Blumenau\/SCFone: (47) 3308-7170WhatsApp: (48) 99688-6364 Unidade S\u00e3o Jos\u00e9 Rua Domingos Andr\u00e9 Zanini, n. 277,Empresarial Terra Firme, salas 905, 906 e 907, Campinas, S\u00e3o Jos\u00e9\/SCFone: (48) 3058-1818WhatsApp: (48) 99108-9537WhatsApp: (48) 99179-9188 atendimento@fabianapereira.com.brassistentejuridico@fabianapereira.com.br<\/p>\n","protected":false},"author":1,"featured_media":0,"parent":0,"menu_order":0,"comment_status":"closed","ping_status":"closed","template":"","meta":{"om_disable_all_campaigns":false,"_monsterinsights_skip_tracking":false,"_monsterinsights_sitenote_active":false,"_monsterinsights_sitenote_note":"","_monsterinsights_sitenote_category":0,"footnotes":""},"class_list":["post-14","page","type-page","status-publish","hentry"],"aioseo_notices":[],"_links":{"self":[{"href":"https:\/\/fabianapereira.adv.br\/2021\/wp-json\/wp\/v2\/pages\/14","targetHints":{"allow":["GET"]}}],"collection":[{"href":"https:\/\/fabianapereira.adv.br\/2021\/wp-json\/wp\/v2\/pages"}],"about":[{"href":"https:\/\/fabianapereira.adv.br\/2021\/wp-json\/wp\/v2\/types\/page"}],"author":[{"embeddable":true,"href":"https:\/\/fabianapereira.adv.br\/2021\/wp-json\/wp\/v2\/users\/1"}],"replies":[{"embeddable":true,"href":"https:\/\/fabianapereira.adv.br\/2021\/wp-json\/wp\/v2\/comments?post=14"}],"version-history":[{"count":9,"href":"https:\/\/fabianapereira.adv.br\/2021\/wp-json\/wp\/v2\/pages\/14\/revisions"}],"predecessor-version":[{"id":1465,"href":"https:\/\/fabianapereira.adv.br\/2021\/wp-json\/wp\/v2\/pages\/14\/revisions\/1465"}],"wp:attachment":[{"href":"https:\/\/fabianapereira.adv.br\/2021\/wp-json\/wp\/v2\/media?parent=14"}],"curies":[{"name":"wp","href":"https:\/\/api.w.org\/{rel}","templated":true}]}}