{"id":10,"date":"2021-09-29T00:14:39","date_gmt":"2021-09-29T00:14:39","guid":{"rendered":"https:\/\/fabianapereira.adv.br\/2021\/?page_id=10"},"modified":"2024-10-03T20:57:51","modified_gmt":"2024-10-03T20:57:51","slug":"area-de-atuacao","status":"publish","type":"page","link":"https:\/\/fabianapereira.adv.br\/2021\/area-de-atuacao\/","title":{"rendered":"Area de Atua\u00e7\u00e3o"},"content":{"rendered":"\t\t<div data-elementor-type=\"wp-page\" data-elementor-id=\"10\" class=\"elementor elementor-10\">\n\t\t\t\t\t\t<section class=\"elementor-section elementor-top-section elementor-element elementor-element-a3d2631 elementor-section-boxed elementor-section-height-default elementor-section-height-default\" data-id=\"a3d2631\" data-element_type=\"section\">\n\t\t\t\t\t\t<div class=\"elementor-container elementor-column-gap-default\">\n\t\t\t\t\t<div class=\"elementor-column elementor-col-100 elementor-top-column elementor-element elementor-element-ac4ff7b\" data-id=\"ac4ff7b\" data-element_type=\"column\">\n\t\t\t<div class=\"elementor-widget-wrap elementor-element-populated\">\n\t\t\t\t\t\t<div class=\"elementor-element elementor-element-99d7f93 elementor-widget elementor-widget-toggle\" data-id=\"99d7f93\" data-element_type=\"widget\" data-widget_type=\"toggle.default\">\n\t\t\t\t<div class=\"elementor-widget-container\">\n\t\t\t\t\t\t\t<div class=\"elementor-toggle\">\n\t\t\t\t\t\t\t<div class=\"elementor-toggle-item\">\n\t\t\t\t\t<div id=\"elementor-tab-title-1611\" class=\"elementor-tab-title\" data-tab=\"1\" role=\"button\" aria-controls=\"elementor-tab-content-1611\" aria-expanded=\"false\">\n\t\t\t\t\t\t\t\t\t\t\t\t<span class=\"elementor-toggle-icon elementor-toggle-icon-left\" aria-hidden=\"true\">\n\t\t\t\t\t\t\t\t\t\t\t\t\t\t\t<span class=\"elementor-toggle-icon-closed\"><i class=\"fas fa-caret-right\"><\/i><\/span>\n\t\t\t\t\t\t\t\t<span class=\"elementor-toggle-icon-opened\"><i class=\"elementor-toggle-icon-opened fas fa-caret-up\"><\/i><\/span>\n\t\t\t\t\t\t\t\t\t\t\t\t\t<\/span>\n\t\t\t\t\t\t\t\t\t\t\t\t<a class=\"elementor-toggle-title\" tabindex=\"0\">Direito Administrativo<\/a>\n\t\t\t\t\t<\/div>\n\n\t\t\t\t\t<div id=\"elementor-tab-content-1611\" class=\"elementor-tab-content elementor-clearfix\" data-tab=\"1\" role=\"region\" aria-labelledby=\"elementor-tab-title-1611\"><p style=\"font-style: normal; font-variant-ligatures: none; font-variant-caps: normal; font-weight: 400; font-family: Poppins, sans-serif; font-size: 14px;\">Atuamos em Direito Administrativo oferecendo amplo assessoramento aos clientes que se relacionam com \u00f3rg\u00e3os da Administra\u00e7\u00e3o P\u00fablica direta e indireta nas esferas Federal, Estadual e Municipal.<\/p><p style=\"font-style: normal; font-variant-ligatures: none; font-variant-caps: normal; font-weight: 400; font-family: Poppins, sans-serif; font-size: 14px;\">Dentre estes servi\u00e7os, est\u00e3o a an\u00e1lise e impugna\u00e7\u00e3o de cl\u00e1usulas de editais, elabora\u00e7\u00e3o de defesas e recursos administrativos em decorr\u00eancia de inabilita\u00e7\u00e3o e desclassifica\u00e7\u00e3o em certames, al\u00e9m de todas as demais situa\u00e7\u00f5es administrativas.<\/p><p style=\"font-style: normal; font-variant-ligatures: none; font-variant-caps: normal; font-weight: 400; font-family: Poppins, sans-serif; font-size: 14px;\">Na esfera judicial atuamos nas mais diferentes a\u00e7\u00f5es e situa\u00e7\u00f5es, tais como: mandados de seguran\u00e7a, a\u00e7\u00f5es de desapropria\u00e7\u00e3o, sendo este um dos principais ramos de atua\u00e7\u00e3o de nosso escrit\u00f3rio, a\u00e7\u00f5es civis p\u00fablicas, anula\u00e7\u00e3o de atos administrativos, dentre outros, acompanhando todas as fases do processo at\u00e9 sua extin\u00e7\u00e3o.<\/p><\/div>\n\t\t\t\t<\/div>\n\t\t\t\t\t\t\t<div class=\"elementor-toggle-item\">\n\t\t\t\t\t<div id=\"elementor-tab-title-1612\" class=\"elementor-tab-title\" data-tab=\"2\" role=\"button\" aria-controls=\"elementor-tab-content-1612\" aria-expanded=\"false\">\n\t\t\t\t\t\t\t\t\t\t\t\t<span class=\"elementor-toggle-icon elementor-toggle-icon-left\" aria-hidden=\"true\">\n\t\t\t\t\t\t\t\t\t\t\t\t\t\t\t<span class=\"elementor-toggle-icon-closed\"><i class=\"fas fa-caret-right\"><\/i><\/span>\n\t\t\t\t\t\t\t\t<span class=\"elementor-toggle-icon-opened\"><i class=\"elementor-toggle-icon-opened fas fa-caret-up\"><\/i><\/span>\n\t\t\t\t\t\t\t\t\t\t\t\t\t<\/span>\n\t\t\t\t\t\t\t\t\t\t\t\t<a class=\"elementor-toggle-title\" tabindex=\"0\">Desapropria\u00e7\u00e3o<\/a>\n\t\t\t\t\t<\/div>\n\n\t\t\t\t\t<div id=\"elementor-tab-content-1612\" class=\"elementor-tab-content elementor-clearfix\" data-tab=\"2\" role=\"region\" aria-labelledby=\"elementor-tab-title-1612\"><p style=\"font-style: normal; font-variant-ligatures: none; font-variant-caps: normal; font-weight: 400; font-family: Poppins, sans-serif; font-size: 14px;\">Desapropria\u00e7\u00e3o \u00e9 um ato jur\u00eddico no qual o poder p\u00fablico declara de interesse publico um determinado im\u00f3vel, seja ele residencial, comercial ou rural, visando \u00e0 constru\u00e7\u00e3o de alguma obra publica, podendo ser rua, estrada, hospital, aeroporto, etc. Nela o interesse p\u00fablico prevalece, logo n\u00e3o \u00e9 permitido ao propriet\u00e1rio atingido pela desapropria\u00e7\u00e3o n\u00e3o aceit\u00e1-la. Nosso trabalho consiste em garantir a indeniza\u00e7\u00e3o pr\u00e9via e justa, conforme determina a Constitui\u00e7\u00e3o Federal para que o propriet\u00e1rio do im\u00f3vel possa repor o bem atingido, diminuindo assim os impactos na sua vida.<\/p><p style=\"font-style: normal; font-variant-ligatures: none; font-variant-caps: normal; font-weight: 400; font-family: Poppins, sans-serif; font-size: 14px;\">Trabalhamos com dedica\u00e7\u00e3o, conhecimento t\u00e9cnico e comprometimento total ao nosso cliente de modo a alcan\u00e7ar o melhor resultado, com um trabalho diferenciado, onde nossos profissionais atuam diretamente no im\u00f3vel afetado, indo at\u00e9 o local conhecer as particularidades de cada caso, formulando estudos que nos viabilizam alcan\u00e7ar os melhores resultados. Sempre norteados pela \u00e9tica, melhor t\u00e9cnica e na busca de resultados.<\/p><p style=\"font-style: normal; font-variant-ligatures: none; font-variant-caps: normal; font-weight: 400; font-family: Poppins, sans-serif; font-size: 14px;\">Nossa estrutura conta com advogados especializados em desapropria\u00e7\u00e3o, top\u00f3grafos, contadores e engenheiros credenciados pelo IBAPE visando a garantir a solu\u00e7\u00e3o e indeniza\u00e7\u00e3o mais justa.<\/p><\/div>\n\t\t\t\t<\/div>\n\t\t\t\t\t\t\t<div class=\"elementor-toggle-item\">\n\t\t\t\t\t<div id=\"elementor-tab-title-1613\" class=\"elementor-tab-title\" data-tab=\"3\" role=\"button\" aria-controls=\"elementor-tab-content-1613\" aria-expanded=\"false\">\n\t\t\t\t\t\t\t\t\t\t\t\t<span class=\"elementor-toggle-icon elementor-toggle-icon-left\" aria-hidden=\"true\">\n\t\t\t\t\t\t\t\t\t\t\t\t\t\t\t<span class=\"elementor-toggle-icon-closed\"><i class=\"fas fa-caret-right\"><\/i><\/span>\n\t\t\t\t\t\t\t\t<span class=\"elementor-toggle-icon-opened\"><i class=\"elementor-toggle-icon-opened fas fa-caret-up\"><\/i><\/span>\n\t\t\t\t\t\t\t\t\t\t\t\t\t<\/span>\n\t\t\t\t\t\t\t\t\t\t\t\t<a class=\"elementor-toggle-title\" tabindex=\"0\">Direito Ambiental<\/a>\n\t\t\t\t\t<\/div>\n\n\t\t\t\t\t<div id=\"elementor-tab-content-1613\" class=\"elementor-tab-content elementor-clearfix\" data-tab=\"3\" role=\"region\" aria-labelledby=\"elementor-tab-title-1613\"><div class=\"accordion-tab\"><div class=\"accordion-content\"><p>Licenciamento, seguro, levantamento de passivo, assessoramento, termo de ajustamento de conduta, estudo de impacto ambiental, viabilidade, defesas perante aos \u00f3rg\u00e3os da Administra\u00e7\u00e3o P\u00fablica e tamb\u00e9m judiciais. Nossa prioridade \u00e9 respeitar e adequar sua realidade a responsabilidade ambiental sua ou de sua empresa.<\/p><\/div><\/div><div class=\"accordion-tab\"><p>Direito de Fam\u00edlia e Sucess\u00f5es<\/p><div class=\"accordion-content\"><p>As quest\u00f5es envolvendo direito de fam\u00edlia requerem do advogado habilidades especiais para lidar com situa\u00e7\u00f5es onde,via de regra, al\u00e9m das quest\u00f5es jur\u00eddicas envolvidas, h\u00e1 tamb\u00e9m envolvimento de quest\u00f5es emocionais.<\/p><p>Possu\u00edmos profissionais capacitados e especializados em: invent\u00e1rio e arrolamento, div\u00f3rcio, guarda, pens\u00e3o aliment\u00edcia, medida cautelar de separa\u00e7\u00e3o de corpos, partilha de bens, planejamento familiar e sucess\u00f3rio, interdi\u00e7\u00e3o, filia\u00e7\u00e3o (ado\u00e7\u00e3o e reconhecimento de paternidade), testamento, tutela, uni\u00e3o est\u00e1vel (reconhecimento e dissolu\u00e7\u00e3o).<\/p><\/div><\/div><\/div>\n\t\t\t\t<\/div>\n\t\t\t\t\t\t\t<div class=\"elementor-toggle-item\">\n\t\t\t\t\t<div id=\"elementor-tab-title-1614\" class=\"elementor-tab-title\" data-tab=\"4\" role=\"button\" aria-controls=\"elementor-tab-content-1614\" aria-expanded=\"false\">\n\t\t\t\t\t\t\t\t\t\t\t\t<span class=\"elementor-toggle-icon elementor-toggle-icon-left\" aria-hidden=\"true\">\n\t\t\t\t\t\t\t\t\t\t\t\t\t\t\t<span class=\"elementor-toggle-icon-closed\"><i class=\"fas fa-caret-right\"><\/i><\/span>\n\t\t\t\t\t\t\t\t<span class=\"elementor-toggle-icon-opened\"><i class=\"elementor-toggle-icon-opened fas fa-caret-up\"><\/i><\/span>\n\t\t\t\t\t\t\t\t\t\t\t\t\t<\/span>\n\t\t\t\t\t\t\t\t\t\t\t\t<a class=\"elementor-toggle-title\" tabindex=\"0\">Direito Imobili\u00e1rio<\/a>\n\t\t\t\t\t<\/div>\n\n\t\t\t\t\t<div id=\"elementor-tab-content-1614\" class=\"elementor-tab-content elementor-clearfix\" data-tab=\"4\" role=\"region\" aria-labelledby=\"elementor-tab-title-1614\"><div class=\"accordion-tab\"><div class=\"accordion-content\"><p>Assessoria na compra e venda de im\u00f3veis, assessoria jur\u00eddica preventiva, contratos, loca\u00e7\u00f5es, renovat\u00f3rias, incorpora\u00e7\u00f5es imobili\u00e1rias, licenciamento, desmembramento, amembramento, regulariza\u00e7\u00e3o de im\u00f3veis administrativa e judicialmente, usucapi\u00e3o, reintegra\u00e7\u00e3o de posse, desapropria\u00e7\u00e3o, reivindicat\u00f3ria.<\/p><p>Possu\u00edmos experi\u00eancia e conhecimento t\u00e9cnico, al\u00e9m de equipe multidisciplinar para melhor atende-lo.<\/p><\/div><\/div><\/div>\n\t\t\t\t<\/div>\n\t\t\t\t\t\t\t<div class=\"elementor-toggle-item\">\n\t\t\t\t\t<div id=\"elementor-tab-title-1615\" class=\"elementor-tab-title\" data-tab=\"5\" role=\"button\" aria-controls=\"elementor-tab-content-1615\" aria-expanded=\"false\">\n\t\t\t\t\t\t\t\t\t\t\t\t<span class=\"elementor-toggle-icon elementor-toggle-icon-left\" aria-hidden=\"true\">\n\t\t\t\t\t\t\t\t\t\t\t\t\t\t\t<span class=\"elementor-toggle-icon-closed\"><i class=\"fas fa-caret-right\"><\/i><\/span>\n\t\t\t\t\t\t\t\t<span class=\"elementor-toggle-icon-opened\"><i class=\"elementor-toggle-icon-opened fas fa-caret-up\"><\/i><\/span>\n\t\t\t\t\t\t\t\t\t\t\t\t\t<\/span>\n\t\t\t\t\t\t\t\t\t\t\t\t<a class=\"elementor-toggle-title\" tabindex=\"0\">Direito Penal<\/a>\n\t\t\t\t\t<\/div>\n\n\t\t\t\t\t<div id=\"elementor-tab-content-1615\" class=\"elementor-tab-content elementor-clearfix\" data-tab=\"5\" role=\"region\" aria-labelledby=\"elementor-tab-title-1615\"><p>Possu\u00edmos profissionais especializados em direito criminal, que prezam pelo sigilo e discri\u00e7\u00e3o do caso e de seu cliente.<\/p><\/div>\n\t\t\t\t<\/div>\n\t\t\t\t\t\t\t<div class=\"elementor-toggle-item\">\n\t\t\t\t\t<div id=\"elementor-tab-title-1616\" class=\"elementor-tab-title\" data-tab=\"6\" role=\"button\" aria-controls=\"elementor-tab-content-1616\" aria-expanded=\"false\">\n\t\t\t\t\t\t\t\t\t\t\t\t<span class=\"elementor-toggle-icon elementor-toggle-icon-left\" aria-hidden=\"true\">\n\t\t\t\t\t\t\t\t\t\t\t\t\t\t\t<span class=\"elementor-toggle-icon-closed\"><i class=\"fas fa-caret-right\"><\/i><\/span>\n\t\t\t\t\t\t\t\t<span class=\"elementor-toggle-icon-opened\"><i class=\"elementor-toggle-icon-opened fas fa-caret-up\"><\/i><\/span>\n\t\t\t\t\t\t\t\t\t\t\t\t\t<\/span>\n\t\t\t\t\t\t\t\t\t\t\t\t<a class=\"elementor-toggle-title\" tabindex=\"0\">Direito Societ\u00e1rio<\/a>\n\t\t\t\t\t<\/div>\n\n\t\t\t\t\t<div id=\"elementor-tab-content-1616\" class=\"elementor-tab-content elementor-clearfix\" data-tab=\"6\" role=\"region\" aria-labelledby=\"elementor-tab-title-1616\"><p>Forma\u00e7\u00e3o e dissolu\u00e7\u00e3o de sociedade, conflito entre s\u00f3cios, entrada e sa\u00edda de haveres, entrada e sa\u00edda de s\u00f3cios, sucess\u00e3o, fus\u00e3o, aquisi\u00e7\u00e3o, dentre outros assuntos relacionados.<\/p><\/div>\n\t\t\t\t<\/div>\n\t\t\t\t\t\t\t<div class=\"elementor-toggle-item\">\n\t\t\t\t\t<div id=\"elementor-tab-title-1617\" class=\"elementor-tab-title\" data-tab=\"7\" role=\"button\" aria-controls=\"elementor-tab-content-1617\" aria-expanded=\"false\">\n\t\t\t\t\t\t\t\t\t\t\t\t<span class=\"elementor-toggle-icon elementor-toggle-icon-left\" aria-hidden=\"true\">\n\t\t\t\t\t\t\t\t\t\t\t\t\t\t\t<span class=\"elementor-toggle-icon-closed\"><i class=\"fas fa-caret-right\"><\/i><\/span>\n\t\t\t\t\t\t\t\t<span class=\"elementor-toggle-icon-opened\"><i class=\"elementor-toggle-icon-opened fas fa-caret-up\"><\/i><\/span>\n\t\t\t\t\t\t\t\t\t\t\t\t\t<\/span>\n\t\t\t\t\t\t\t\t\t\t\t\t<a class=\"elementor-toggle-title\" tabindex=\"0\">Direito do Trabalho e Previdenci\u00e1rio<\/a>\n\t\t\t\t\t<\/div>\n\n\t\t\t\t\t<div id=\"elementor-tab-content-1617\" class=\"elementor-tab-content elementor-clearfix\" data-tab=\"7\" role=\"region\" aria-labelledby=\"elementor-tab-title-1617\"><p>Possu\u00edmos profissionais especializados em direito do trabalho, tanto para atuar pelo empregado, quanto pelo empregador.<\/p><p>No Direito Previdenci\u00e1rio atuamos nas revis\u00f5es de aposentadorias, benef\u00edcios previdenci\u00e1rios, processos administrativos de aposentadoria.<\/p><\/div>\n\t\t\t\t<\/div>\n\t\t\t\t\t\t\t<div class=\"elementor-toggle-item\">\n\t\t\t\t\t<div id=\"elementor-tab-title-1618\" class=\"elementor-tab-title\" data-tab=\"8\" role=\"button\" aria-controls=\"elementor-tab-content-1618\" aria-expanded=\"false\">\n\t\t\t\t\t\t\t\t\t\t\t\t<span class=\"elementor-toggle-icon elementor-toggle-icon-left\" aria-hidden=\"true\">\n\t\t\t\t\t\t\t\t\t\t\t\t\t\t\t<span class=\"elementor-toggle-icon-closed\"><i class=\"fas fa-caret-right\"><\/i><\/span>\n\t\t\t\t\t\t\t\t<span class=\"elementor-toggle-icon-opened\"><i class=\"elementor-toggle-icon-opened fas fa-caret-up\"><\/i><\/span>\n\t\t\t\t\t\t\t\t\t\t\t\t\t<\/span>\n\t\t\t\t\t\t\t\t\t\t\t\t<a class=\"elementor-toggle-title\" tabindex=\"0\">Direito Tribut\u00e1rio<\/a>\n\t\t\t\t\t<\/div>\n\n\t\t\t\t\t<div id=\"elementor-tab-content-1618\" class=\"elementor-tab-content elementor-clearfix\" data-tab=\"8\" role=\"region\" aria-labelledby=\"elementor-tab-title-1618\"><p>Medidas administrativas e judiciais voltadas \u00e0s quest\u00f5es fiscais, tribut\u00e1rias e comerciais, importa\u00e7\u00e3o, exporta\u00e7\u00e3o, perdimento de mercadoria, confisco, tributa\u00e7\u00e3o, execu\u00e7\u00e3o fiscal, multa, transporte, fretes, dentre outros.<\/p><\/div>\n\t\t\t\t<\/div>\n\t\t\t\t\t\t\t\t<\/div>\n\t\t\t\t\t\t<\/div>\n\t\t\t\t<\/div>\n\t\t\t\t\t<\/div>\n\t\t<\/div>\n\t\t\t\t\t<\/div>\n\t\t<\/section>\n\t\t\t\t<\/div>\n\t\t","protected":false},"excerpt":{"rendered":"<p>Direito Administrativo Atuamos em Direito Administrativo oferecendo amplo assessoramento aos clientes que se relacionam com \u00f3rg\u00e3os da Administra\u00e7\u00e3o P\u00fablica direta e indireta nas esferas Federal, Estadual e Municipal. Dentre estes servi\u00e7os, est\u00e3o a an\u00e1lise e impugna\u00e7\u00e3o de cl\u00e1usulas de editais, &hellip;<\/p>\n<p class=\"read-more\"> <a class=\"more-link\" href=\"https:\/\/fabianapereira.adv.br\/2021\/area-de-atuacao\/\"> <span class=\"screen-reader-text\">Area de Atua\u00e7\u00e3o<\/span> Read More &raquo;<\/a><\/p>\n","protected":false},"author":1,"featured_media":0,"parent":0,"menu_order":0,"comment_status":"closed","ping_status":"closed","template":"","meta":{"om_disable_all_campaigns":false,"_monsterinsights_skip_tracking":false,"_monsterinsights_sitenote_active":false,"_monsterinsights_sitenote_note":"","_monsterinsights_sitenote_category":0,"footnotes":""},"class_list":["post-10","page","type-page","status-publish","hentry"],"aioseo_notices":[],"_links":{"self":[{"href":"https:\/\/fabianapereira.adv.br\/2021\/wp-json\/wp\/v2\/pages\/10","targetHints":{"allow":["GET"]}}],"collection":[{"href":"https:\/\/fabianapereira.adv.br\/2021\/wp-json\/wp\/v2\/pages"}],"about":[{"href":"https:\/\/fabianapereira.adv.br\/2021\/wp-json\/wp\/v2\/types\/page"}],"author":[{"embeddable":true,"href":"https:\/\/fabianapereira.adv.br\/2021\/wp-json\/wp\/v2\/users\/1"}],"replies":[{"embeddable":true,"href":"https:\/\/fabianapereira.adv.br\/2021\/wp-json\/wp\/v2\/comments?post=10"}],"version-history":[{"count":13,"href":"https:\/\/fabianapereira.adv.br\/2021\/wp-json\/wp\/v2\/pages\/10\/revisions"}],"predecessor-version":[{"id":1445,"href":"https:\/\/fabianapereira.adv.br\/2021\/wp-json\/wp\/v2\/pages\/10\/revisions\/1445"}],"wp:attachment":[{"href":"https:\/\/fabianapereira.adv.br\/2021\/wp-json\/wp\/v2\/media?parent=10"}],"curies":[{"name":"wp","href":"https:\/\/api.w.org\/{rel}","templated":true}]}}